{"id":54,"date":"2019-10-19T09:38:04","date_gmt":"2019-10-19T09:38:04","guid":{"rendered":"http:\/\/mueckenschutz-zimt.de\/?page_id=54"},"modified":"2023-11-19T10:17:15","modified_gmt":"2023-11-19T10:17:15","slug":"startseite-alt","status":"publish","type":"page","link":"https:\/\/mueckenschutz-zimt.de\/","title":{"rendered":"Startseite"},"content":{"rendered":"\t\t<div data-elementor-type=\"wp-post\" data-elementor-id=\"54\" class=\"elementor elementor-54\">\n\t\t\t\t\t\t<section class=\"elementor-section elementor-top-section elementor-element elementor-element-fb76faf elementor-section-boxed elementor-section-height-default elementor-section-height-default\" data-id=\"fb76faf\" data-element_type=\"section\">\n\t\t\t\t\t\t<div class=\"elementor-container elementor-column-gap-default\">\n\t\t\t\t\t<div class=\"elementor-column elementor-col-100 elementor-top-column elementor-element elementor-element-7f0feb2\" data-id=\"7f0feb2\" data-element_type=\"column\">\n\t\t\t<div class=\"elementor-widget-wrap elementor-element-populated\">\n\t\t\t\t\t\t<div class=\"elementor-element elementor-element-afa7045 elementor-widget elementor-widget-text-editor\" data-id=\"afa7045\" data-element_type=\"widget\" data-widget_type=\"text-editor.default\">\n\t\t\t\t<div class=\"elementor-widget-container\">\n\t\t\t\t\t\t\t\t\t<p>Diese Zimt-Schmuckprodukte k\u00f6nnen helfen, M\u00fccken abzuschrecken.<\/p>\n<p>Voraussetzung:<\/p>\n<ul>\n<li>Der Zimt wird auf der Kleidung getragen.<\/li>\n<li>Etwas Speise\u00f6l wird auf der Zimtstange verteilt, wenn die Wirkung nachl\u00e4sst (z.B. mit Hilfe eines Zahnstochers).<\/li><li>Die Zimtstange darf nicht durch Regen nass werden oder sollte auch nicht unter der Dusche getragen werden.<br>Die Wirkung des Zimts wird von Wasser nahezu neutralisiert und sch\u00fctzt somit nicht mehr.<\/li>\n<li>Bitte verwenden Sie Ceylon-Zimt. Dieser ist zwar empfindlicher, soll aber ges\u00fcnder sein. Bitte vor Wasser sch\u00fctzen.<\/li>\n<\/ul>\t\t\t\t\t\t\t\t<\/div>\n\t\t\t\t<\/div>\n\t\t\t\t\t<\/div>\n\t\t<\/div>\n\t\t\t\t\t<\/div>\n\t\t<\/section>\n\t\t\t\t<section class=\"elementor-section elementor-top-section elementor-element elementor-element-1562d0f elementor-section-boxed elementor-section-height-default elementor-section-height-default\" data-id=\"1562d0f\" data-element_type=\"section\">\n\t\t\t\t\t\t<div class=\"elementor-container elementor-column-gap-default\">\n\t\t\t\t\t<div class=\"elementor-column elementor-col-100 elementor-top-column elementor-element elementor-element-29f3b2e\" data-id=\"29f3b2e\" data-element_type=\"column\">\n\t\t\t<div class=\"elementor-widget-wrap elementor-element-populated\">\n\t\t\t\t\t\t<div class=\"elementor-element elementor-element-a1fd853 elementor-widget elementor-widget-image-gallery\" data-id=\"a1fd853\" data-element_type=\"widget\" data-widget_type=\"image-gallery.default\">\n\t\t\t\t<div class=\"elementor-widget-container\">\n\t\t\t\t\t\t\t<div class=\"elementor-image-gallery\">\n\t\t\t<div id='gallery-1' class='gallery galleryid-54 gallery-columns-3 gallery-size-medium'><figure class='gallery-item'>\n\t\t\t<div class='gallery-icon portrait'>\n\t\t\t\t<a data-elementor-open-lightbox=\"yes\" data-elementor-lightbox-slideshow=\"a1fd853\" data-elementor-lightbox-title=\"Kollektion\" data-e-action-hash=\"#elementor-action%3Aaction%3Dlightbox%26settings%3DeyJpZCI6MTcsInVybCI6Imh0dHBzOlwvXC9tdWVja2Vuc2NodXR6LXppbXQuZGVcL3dwLWNvbnRlbnRcL3VwbG9hZHNcLzIwMTlcLzA2XC93ZWJfZHJlaWVyLmpwZyIsInNsaWRlc2hvdyI6ImExZmQ4NTMifQ%3D%3D\" href='https:\/\/mueckenschutz-zimt.de\/wp-content\/uploads\/2019\/06\/web_dreier.jpg'><img fetchpriority=\"high\" decoding=\"async\" width=\"225\" height=\"300\" src=\"https:\/\/mueckenschutz-zimt.de\/wp-content\/uploads\/2019\/06\/web_dreier-225x300.jpg\" class=\"attachment-medium size-medium\" alt=\"\" srcset=\"https:\/\/mueckenschutz-zimt.de\/wp-content\/uploads\/2019\/06\/web_dreier-225x300.jpg 225w, https:\/\/mueckenschutz-zimt.de\/wp-content\/uploads\/2019\/06\/web_dreier.jpg 700w\" sizes=\"(max-width: 225px) 100vw, 225px\" \/><\/a>\n\t\t\t<\/div><\/figure><figure class='gallery-item'>\n\t\t\t<div class='gallery-icon landscape'>\n\t\t\t\t<a data-elementor-open-lightbox=\"yes\" data-elementor-lightbox-slideshow=\"a1fd853\" data-elementor-lightbox-title=\"Hals-Anh\u00e4nger\" data-e-action-hash=\"#elementor-action%3Aaction%3Dlightbox%26settings%3DeyJpZCI6MTgsInVybCI6Imh0dHBzOlwvXC9tdWVja2Vuc2NodXR6LXppbXQuZGVcL3dwLWNvbnRlbnRcL3VwbG9hZHNcLzIwMTlcLzA2XC93ZWJfaGFscy5qcGciLCJzbGlkZXNob3ciOiJhMWZkODUzIn0%3D\" href='https:\/\/mueckenschutz-zimt.de\/wp-content\/uploads\/2019\/06\/web_hals.jpg'><img decoding=\"async\" width=\"300\" height=\"225\" src=\"https:\/\/mueckenschutz-zimt.de\/wp-content\/uploads\/2019\/06\/web_hals-300x225.jpg\" class=\"attachment-medium size-medium\" alt=\"\" srcset=\"https:\/\/mueckenschutz-zimt.de\/wp-content\/uploads\/2019\/06\/web_hals-300x225.jpg 300w, https:\/\/mueckenschutz-zimt.de\/wp-content\/uploads\/2019\/06\/web_hals-768x576.jpg 768w, https:\/\/mueckenschutz-zimt.de\/wp-content\/uploads\/2019\/06\/web_hals-1024x768.jpg 1024w, https:\/\/mueckenschutz-zimt.de\/wp-content\/uploads\/2019\/06\/web_hals.jpg 1296w\" sizes=\"(max-width: 300px) 100vw, 300px\" \/><\/a>\n\t\t\t<\/div><\/figure><figure class='gallery-item'>\n\t\t\t<div class='gallery-icon portrait'>\n\t\t\t\t<a data-elementor-open-lightbox=\"yes\" data-elementor-lightbox-slideshow=\"a1fd853\" data-elementor-lightbox-title=\"IMG_20200209_110630_klein\" data-e-action-hash=\"#elementor-action%3Aaction%3Dlightbox%26settings%3DeyJpZCI6NzQsInVybCI6Imh0dHBzOlwvXC9tdWVja2Vuc2NodXR6LXppbXQuZGVcL3dwLWNvbnRlbnRcL3VwbG9hZHNcLzIwMjBcLzAyXC9JTUdfMjAyMDAyMDlfMTEwNjMwX2tsZWluLmpwZyIsInNsaWRlc2hvdyI6ImExZmQ4NTMifQ%3D%3D\" href='https:\/\/mueckenschutz-zimt.de\/wp-content\/uploads\/2020\/02\/IMG_20200209_110630_klein.jpg'><img decoding=\"async\" width=\"225\" height=\"300\" src=\"https:\/\/mueckenschutz-zimt.de\/wp-content\/uploads\/2020\/02\/IMG_20200209_110630_klein-225x300.jpg\" class=\"attachment-medium size-medium\" alt=\"\" aria-describedby=\"gallery-1-74\" srcset=\"https:\/\/mueckenschutz-zimt.de\/wp-content\/uploads\/2020\/02\/IMG_20200209_110630_klein-225x300.jpg 225w, https:\/\/mueckenschutz-zimt.de\/wp-content\/uploads\/2020\/02\/IMG_20200209_110630_klein-768x1024.jpg 768w, https:\/\/mueckenschutz-zimt.de\/wp-content\/uploads\/2020\/02\/IMG_20200209_110630_klein-1152x1536.jpg 1152w, https:\/\/mueckenschutz-zimt.de\/wp-content\/uploads\/2020\/02\/IMG_20200209_110630_klein.jpg 1224w\" sizes=\"(max-width: 225px) 100vw, 225px\" \/><\/a>\n\t\t\t<\/div>\n\t\t\t\t<figcaption class='wp-caption-text gallery-caption' id='gallery-1-74'>\n\t\t\t\tZimtstange mit Metallplatte (vorne)\n\t\t\t\t<\/figcaption><\/figure><figure class='gallery-item'>\n\t\t\t<div class='gallery-icon portrait'>\n\t\t\t\t<a data-elementor-open-lightbox=\"yes\" data-elementor-lightbox-slideshow=\"a1fd853\" data-elementor-lightbox-title=\"IMG_20200209_110643_klein\" data-e-action-hash=\"#elementor-action%3Aaction%3Dlightbox%26settings%3DeyJpZCI6NzUsInVybCI6Imh0dHBzOlwvXC9tdWVja2Vuc2NodXR6LXppbXQuZGVcL3dwLWNvbnRlbnRcL3VwbG9hZHNcLzIwMjBcLzAyXC9JTUdfMjAyMDAyMDlfMTEwNjQzX2tsZWluLmpwZyIsInNsaWRlc2hvdyI6ImExZmQ4NTMifQ%3D%3D\" href='https:\/\/mueckenschutz-zimt.de\/wp-content\/uploads\/2020\/02\/IMG_20200209_110643_klein.jpg'><img loading=\"lazy\" decoding=\"async\" width=\"225\" height=\"300\" src=\"https:\/\/mueckenschutz-zimt.de\/wp-content\/uploads\/2020\/02\/IMG_20200209_110643_klein-225x300.jpg\" class=\"attachment-medium size-medium\" alt=\"\" aria-describedby=\"gallery-1-75\" srcset=\"https:\/\/mueckenschutz-zimt.de\/wp-content\/uploads\/2020\/02\/IMG_20200209_110643_klein-225x300.jpg 225w, https:\/\/mueckenschutz-zimt.de\/wp-content\/uploads\/2020\/02\/IMG_20200209_110643_klein-768x1024.jpg 768w, https:\/\/mueckenschutz-zimt.de\/wp-content\/uploads\/2020\/02\/IMG_20200209_110643_klein-1152x1536.jpg 1152w, https:\/\/mueckenschutz-zimt.de\/wp-content\/uploads\/2020\/02\/IMG_20200209_110643_klein.jpg 1224w\" sizes=\"(max-width: 225px) 100vw, 225px\" \/><\/a>\n\t\t\t<\/div>\n\t\t\t\t<figcaption class='wp-caption-text gallery-caption' id='gallery-1-75'>\n\t\t\t\tZimtstange mit Metallplatte (hinten)\n\t\t\t\t<\/figcaption><\/figure><figure class='gallery-item'>\n\t\t\t<div class='gallery-icon landscape'>\n\t\t\t\t<a data-elementor-open-lightbox=\"yes\" data-elementor-lightbox-slideshow=\"a1fd853\" data-elementor-lightbox-title=\"IMG_20200209_110909_klein\" data-e-action-hash=\"#elementor-action%3Aaction%3Dlightbox%26settings%3DeyJpZCI6NzYsInVybCI6Imh0dHBzOlwvXC9tdWVja2Vuc2NodXR6LXppbXQuZGVcL3dwLWNvbnRlbnRcL3VwbG9hZHNcLzIwMjBcLzAyXC9JTUdfMjAyMDAyMDlfMTEwOTA5X2tsZWluLmpwZyIsInNsaWRlc2hvdyI6ImExZmQ4NTMifQ%3D%3D\" href='https:\/\/mueckenschutz-zimt.de\/wp-content\/uploads\/2020\/02\/IMG_20200209_110909_klein.jpg'><img loading=\"lazy\" decoding=\"async\" width=\"300\" height=\"225\" src=\"https:\/\/mueckenschutz-zimt.de\/wp-content\/uploads\/2020\/02\/IMG_20200209_110909_klein-300x225.jpg\" class=\"attachment-medium size-medium\" alt=\"\" aria-describedby=\"gallery-1-76\" srcset=\"https:\/\/mueckenschutz-zimt.de\/wp-content\/uploads\/2020\/02\/IMG_20200209_110909_klein-300x225.jpg 300w, https:\/\/mueckenschutz-zimt.de\/wp-content\/uploads\/2020\/02\/IMG_20200209_110909_klein-1024x768.jpg 1024w, https:\/\/mueckenschutz-zimt.de\/wp-content\/uploads\/2020\/02\/IMG_20200209_110909_klein-768x576.jpg 768w, https:\/\/mueckenschutz-zimt.de\/wp-content\/uploads\/2020\/02\/IMG_20200209_110909_klein-1536x1152.jpg 1536w, https:\/\/mueckenschutz-zimt.de\/wp-content\/uploads\/2020\/02\/IMG_20200209_110909_klein.jpg 1632w\" sizes=\"(max-width: 300px) 100vw, 300px\" \/><\/a>\n\t\t\t<\/div>\n\t\t\t\t<figcaption class='wp-caption-text gallery-caption' id='gallery-1-76'>\n\t\t\t\tHaarschmuck\n\t\t\t\t<\/figcaption><\/figure><figure class='gallery-item'>\n\t\t\t<div class='gallery-icon portrait'>\n\t\t\t\t<a data-elementor-open-lightbox=\"yes\" data-elementor-lightbox-slideshow=\"a1fd853\" data-elementor-lightbox-title=\"IMG_20200209_111110_klein\" data-e-action-hash=\"#elementor-action%3Aaction%3Dlightbox%26settings%3DeyJpZCI6NzcsInVybCI6Imh0dHBzOlwvXC9tdWVja2Vuc2NodXR6LXppbXQuZGVcL3dwLWNvbnRlbnRcL3VwbG9hZHNcLzIwMjBcLzAyXC9JTUdfMjAyMDAyMDlfMTExMTEwX2tsZWluLmpwZyIsInNsaWRlc2hvdyI6ImExZmQ4NTMifQ%3D%3D\" href='https:\/\/mueckenschutz-zimt.de\/wp-content\/uploads\/2020\/02\/IMG_20200209_111110_klein.jpg'><img loading=\"lazy\" decoding=\"async\" width=\"225\" height=\"300\" src=\"https:\/\/mueckenschutz-zimt.de\/wp-content\/uploads\/2020\/02\/IMG_20200209_111110_klein-225x300.jpg\" class=\"attachment-medium size-medium\" alt=\"\" aria-describedby=\"gallery-1-77\" srcset=\"https:\/\/mueckenschutz-zimt.de\/wp-content\/uploads\/2020\/02\/IMG_20200209_111110_klein-225x300.jpg 225w, https:\/\/mueckenschutz-zimt.de\/wp-content\/uploads\/2020\/02\/IMG_20200209_111110_klein-768x1024.jpg 768w, https:\/\/mueckenschutz-zimt.de\/wp-content\/uploads\/2020\/02\/IMG_20200209_111110_klein-1152x1536.jpg 1152w, https:\/\/mueckenschutz-zimt.de\/wp-content\/uploads\/2020\/02\/IMG_20200209_111110_klein.jpg 1224w\" sizes=\"(max-width: 225px) 100vw, 225px\" \/><\/a>\n\t\t\t<\/div>\n\t\t\t\t<figcaption class='wp-caption-text gallery-caption' id='gallery-1-77'>\n\t\t\t\tZimtstange in Speise\u00f6l\n\t\t\t\t<\/figcaption><\/figure>\n\t\t<\/div>\n\t\t<\/div>\n\t\t\t\t\t\t<\/div>\n\t\t\t\t<\/div>\n\t\t\t\t\t<\/div>\n\t\t<\/div>\n\t\t\t\t\t<\/div>\n\t\t<\/section>\n\t\t\t\t<section class=\"elementor-section elementor-top-section elementor-element elementor-element-9d3e446 elementor-section-boxed elementor-section-height-default elementor-section-height-default\" data-id=\"9d3e446\" data-element_type=\"section\">\n\t\t\t\t\t\t<div class=\"elementor-container elementor-column-gap-default\">\n\t\t\t\t\t<div class=\"elementor-column elementor-col-100 elementor-top-column elementor-element elementor-element-6b5d61c\" data-id=\"6b5d61c\" data-element_type=\"column\">\n\t\t\t<div class=\"elementor-widget-wrap elementor-element-populated\">\n\t\t\t\t\t\t<div class=\"elementor-element elementor-element-acfa4cb elementor-widget elementor-widget-text-editor\" data-id=\"acfa4cb\" data-element_type=\"widget\" data-widget_type=\"text-editor.default\">\n\t\t\t\t<div class=\"elementor-widget-container\">\n\t\t\t\t\t\t\t\t\t<h4><strong>Ich bin mir nicht sicher, ob die dargestellten Schmuckst\u00fccke gesund oder ungesund sind. Auf jeden Fall wehren sie M\u00fccken ab.<\/strong><\/h4><p>Ich empfehle in jedem Fall eine vorherige Recherche im Internet (bspw. unter dem Stichwort &#8222;Ceylon Zimt gesund&#8220;), um sich ein eigenes Bild davon zu machen (insbesondere bei der Anwendung bei Kindern).<\/p><p>Eine schnelle M\u00f6glichkeit des M\u00fcckenschutzes mit Ceylon-Zimt ist die Verwendung von Zimt-Pulver (erh\u00e4ltlich in Dritte-Welt-L\u00e4den, Bio-L\u00e4den oder selbstgemahlene Zimt-Stangen).<\/p><p>Das Pulver kann:<\/p><ol><li style=\"list-style-type: none;\"><ul><li>in die Haare<\/li><li>auf Socken<\/li><li>auf \u00c4rmel<\/li><li>auf die Oberseite der Bettdecke<\/li><\/ul><\/li><\/ol><p>gestreut und verrieben werden.<\/p>\t\t\t\t\t\t\t\t<\/div>\n\t\t\t\t<\/div>\n\t\t\t\t\t<\/div>\n\t\t<\/div>\n\t\t\t\t\t<\/div>\n\t\t<\/section>\n\t\t\t\t<section class=\"elementor-section elementor-top-section elementor-element elementor-element-01754e5 elementor-section-boxed elementor-section-height-default elementor-section-height-default\" data-id=\"01754e5\" data-element_type=\"section\">\n\t\t\t\t\t\t<div class=\"elementor-container elementor-column-gap-default\">\n\t\t\t\t\t<div class=\"elementor-column elementor-col-100 elementor-top-column elementor-element elementor-element-7e07608\" data-id=\"7e07608\" data-element_type=\"column\">\n\t\t\t<div class=\"elementor-widget-wrap elementor-element-populated\">\n\t\t\t\t\t\t<div class=\"elementor-element elementor-element-b517e39 elementor-widget elementor-widget-text-editor\" data-id=\"b517e39\" data-element_type=\"widget\" data-widget_type=\"text-editor.default\">\n\t\t\t\t<div class=\"elementor-widget-container\">\n\t\t\t\t\t\t\t\t\t<h4 style=\"text-align: center;\"><strong><a href=\"http:\/\/mueckenschutz-zimt.de\/?page_id=23\">Hier geht&#8217;s zur Bastelanleitung&#8230;<\/a><\/strong><\/h4>\t\t\t\t\t\t\t\t<\/div>\n\t\t\t\t<\/div>\n\t\t\t\t\t<\/div>\n\t\t<\/div>\n\t\t\t\t\t<\/div>\n\t\t<\/section>\n\t\t\t\t<section class=\"elementor-section elementor-top-section elementor-element elementor-element-d1ecad9 elementor-section-boxed elementor-section-height-default elementor-section-height-default\" data-id=\"d1ecad9\" data-element_type=\"section\">\n\t\t\t\t\t\t<div class=\"elementor-container elementor-column-gap-default\">\n\t\t\t\t\t<div class=\"elementor-column elementor-col-100 elementor-top-column elementor-element elementor-element-c2cb223\" data-id=\"c2cb223\" data-element_type=\"column\">\n\t\t\t<div class=\"elementor-widget-wrap elementor-element-populated\">\n\t\t\t\t\t\t<div class=\"elementor-element elementor-element-3fa6217 elementor-widget elementor-widget-text-editor\" data-id=\"3fa6217\" data-element_type=\"widget\" data-widget_type=\"text-editor.default\">\n\t\t\t\t<div class=\"elementor-widget-container\">\n\t\t\t\t\t\t\t\t\t<h2 style=\"text-align: center;\">Wissen Sie, was das Problem dieser Welt ist?<br \/>Zu viel ICH und zu wenig DU.<\/h2>\t\t\t\t\t\t\t\t<\/div>\n\t\t\t\t<\/div>\n\t\t\t\t\t<\/div>\n\t\t<\/div>\n\t\t\t\t\t<\/div>\n\t\t<\/section>\n\t\t\t\t<\/div>\n\t\t","protected":false},"excerpt":{"rendered":"<p>Diese Zimt-Schmuckprodukte k\u00f6nnen helfen, M\u00fccken abzuschrecken. Voraussetzung: Der Zimt wird auf der Kleidung getragen. Etwas Speise\u00f6l wird auf der Zimtstange verteilt, wenn die Wirkung nachl\u00e4sst (z.B. mit Hilfe eines Zahnstochers). Die Zimtstange darf nicht durch Regen nass werden oder sollte auch nicht unter der Dusche getragen werden.Die Wirkung des Zimts wird von Wasser nahezu neutralisiert [&hellip;]<\/p>\n","protected":false},"author":1,"featured_media":0,"parent":0,"menu_order":0,"comment_status":"closed","ping_status":"closed","template":"elementor_header_footer","meta":{"ocean_post_layout":"full-screen","ocean_both_sidebars_style":"","ocean_both_sidebars_content_width":0,"ocean_both_sidebars_sidebars_width":0,"ocean_sidebar":"0","ocean_second_sidebar":"0","ocean_disable_margins":"enable","ocean_add_body_class":"","ocean_shortcode_before_top_bar":"","ocean_shortcode_after_top_bar":"","ocean_shortcode_before_header":"","ocean_shortcode_after_header":"","ocean_has_shortcode":"","ocean_shortcode_after_title":"","ocean_shortcode_before_footer_widgets":"","ocean_shortcode_after_footer_widgets":"","ocean_shortcode_before_footer_bottom":"","ocean_shortcode_after_footer_bottom":"","ocean_display_top_bar":"on","ocean_display_header":"on","ocean_header_style":"","ocean_center_header_left_menu":"0","ocean_custom_header_template":"0","ocean_custom_logo":0,"ocean_custom_retina_logo":0,"ocean_custom_logo_max_width":0,"ocean_custom_logo_tablet_max_width":0,"ocean_custom_logo_mobile_max_width":0,"ocean_custom_logo_max_height":0,"ocean_custom_logo_tablet_max_height":0,"ocean_custom_logo_mobile_max_height":0,"ocean_header_custom_menu":"0","ocean_menu_typo_font_family":"0","ocean_menu_typo_font_subset":"","ocean_menu_typo_font_size":0,"ocean_menu_typo_font_size_tablet":0,"ocean_menu_typo_font_size_mobile":0,"ocean_menu_typo_font_size_unit":"px","ocean_menu_typo_font_weight":"","ocean_menu_typo_font_weight_tablet":"","ocean_menu_typo_font_weight_mobile":"","ocean_menu_typo_transform":"","ocean_menu_typo_transform_tablet":"","ocean_menu_typo_transform_mobile":"","ocean_menu_typo_line_height":0,"ocean_menu_typo_line_height_tablet":0,"ocean_menu_typo_line_height_mobile":0,"ocean_menu_typo_line_height_unit":"","ocean_menu_typo_spacing":0,"ocean_menu_typo_spacing_tablet":0,"ocean_menu_typo_spacing_mobile":0,"ocean_menu_typo_spacing_unit":"","ocean_menu_link_color":"","ocean_menu_link_color_hover":"","ocean_menu_link_color_active":"","ocean_menu_link_background":"","ocean_menu_link_hover_background":"","ocean_menu_link_active_background":"","ocean_menu_social_links_bg":"","ocean_menu_social_hover_links_bg":"","ocean_menu_social_links_color":"","ocean_menu_social_hover_links_color":"","ocean_disable_title":"on","ocean_disable_heading":"default","ocean_post_title":"","ocean_post_subheading":"","ocean_post_title_style":"","ocean_post_title_background_color":"","ocean_post_title_background":0,"ocean_post_title_bg_image_position":"","ocean_post_title_bg_image_attachment":"","ocean_post_title_bg_image_repeat":"","ocean_post_title_bg_image_size":"","ocean_post_title_height":0,"ocean_post_title_bg_overlay":0.5,"ocean_post_title_bg_overlay_color":"","ocean_disable_breadcrumbs":"default","ocean_breadcrumbs_color":"","ocean_breadcrumbs_separator_color":"","ocean_breadcrumbs_links_color":"","ocean_breadcrumbs_links_hover_color":"","ocean_display_footer_widgets":"on","ocean_display_footer_bottom":"on","ocean_custom_footer_template":"0","footnotes":""},"class_list":["post-54","page","type-page","status-publish","hentry","entry"],"_links":{"self":[{"href":"https:\/\/mueckenschutz-zimt.de\/index.php?rest_route=\/wp\/v2\/pages\/54","targetHints":{"allow":["GET"]}}],"collection":[{"href":"https:\/\/mueckenschutz-zimt.de\/index.php?rest_route=\/wp\/v2\/pages"}],"about":[{"href":"https:\/\/mueckenschutz-zimt.de\/index.php?rest_route=\/wp\/v2\/types\/page"}],"author":[{"embeddable":true,"href":"https:\/\/mueckenschutz-zimt.de\/index.php?rest_route=\/wp\/v2\/users\/1"}],"replies":[{"embeddable":true,"href":"https:\/\/mueckenschutz-zimt.de\/index.php?rest_route=%2Fwp%2Fv2%2Fcomments&post=54"}],"version-history":[{"count":13,"href":"https:\/\/mueckenschutz-zimt.de\/index.php?rest_route=\/wp\/v2\/pages\/54\/revisions"}],"predecessor-version":[{"id":88,"href":"https:\/\/mueckenschutz-zimt.de\/index.php?rest_route=\/wp\/v2\/pages\/54\/revisions\/88"}],"wp:attachment":[{"href":"https:\/\/mueckenschutz-zimt.de\/index.php?rest_route=%2Fwp%2Fv2%2Fmedia&parent=54"}],"curies":[{"name":"wp","href":"https:\/\/api.w.org\/{rel}","templated":true}]}}